{"id":7240,"date":"2022-01-29T23:54:58","date_gmt":"2022-01-30T05:54:58","guid":{"rendered":"https:\/\/uxlabs.mx\/servicios\/dispositivos-inteligentes\/"},"modified":"2024-12-07T13:19:54","modified_gmt":"2024-12-07T19:19:54","slug":"dispositivos-inteligentes","status":"publish","type":"page","link":"https:\/\/uxlabs.mx\/es\/servicios\/dispositivos-inteligentes\/","title":{"rendered":"Dispositivos inteligentes"},"content":{"rendered":"","protected":false},"excerpt":{"rendered":"<p>\u00bfBuscas servicios de dispositivos inteligentes? \u00a1Nosotros te ayudamos! Ofrecemos soluciones integrales como administraci\u00f3n, seguridad, recopilaci\u00f3n de datos y m\u00e1s.<\/p>\n","protected":false},"author":5,"featured_media":0,"parent":7231,"menu_order":40,"comment_status":"closed","ping_status":"closed","template":"","meta":{"_acf_changed":false,"_et_pb_use_builder":"off","_et_pb_old_content":"","_et_gb_content_width":"","footnotes":""},"class_list":["post-7240","page","type-page","status-publish","hentry"],"acf":[],"_links":{"self":[{"href":"https:\/\/uxlabs.mx\/es\/wp-json\/wp\/v2\/pages\/7240","targetHints":{"allow":["GET"]}}],"collection":[{"href":"https:\/\/uxlabs.mx\/es\/wp-json\/wp\/v2\/pages"}],"about":[{"href":"https:\/\/uxlabs.mx\/es\/wp-json\/wp\/v2\/types\/page"}],"author":[{"embeddable":true,"href":"https:\/\/uxlabs.mx\/es\/wp-json\/wp\/v2\/users\/5"}],"replies":[{"embeddable":true,"href":"https:\/\/uxlabs.mx\/es\/wp-json\/wp\/v2\/comments?post=7240"}],"version-history":[{"count":0,"href":"https:\/\/uxlabs.mx\/es\/wp-json\/wp\/v2\/pages\/7240\/revisions"}],"up":[{"embeddable":true,"href":"https:\/\/uxlabs.mx\/es\/wp-json\/wp\/v2\/pages\/7231"}],"wp:attachment":[{"href":"https:\/\/uxlabs.mx\/es\/wp-json\/wp\/v2\/media?parent=7240"}],"curies":[{"name":"wp","href":"https:\/\/api.w.org\/{rel}","templated":true}]}}